{"id":4254,"date":"2022-02-03T20:47:56","date_gmt":"2022-02-03T20:47:56","guid":{"rendered":"https:\/\/sinasefesm.com\/?page_id=4254"},"modified":"2025-05-26T13:58:24","modified_gmt":"2025-05-26T16:58:24","slug":"juridico","status":"publish","type":"page","link":"https:\/\/sinasefesm.com\/index.php\/juridico\/","title":{"rendered":"Jur\u00eddico"},"content":{"rendered":"\t\t<div data-elementor-type=\"wp-page\" data-elementor-id=\"4254\" class=\"elementor elementor-4254\">\n\t\t\t\t\t\t<section class=\"elementor-section elementor-top-section elementor-element elementor-element-1e88eb9 elementor-section-boxed elementor-section-height-default elementor-section-height-default\" data-id=\"1e88eb9\" data-element_type=\"section\">\n\t\t\t\t\t\t<div class=\"elementor-container elementor-column-gap-default\">\n\t\t\t\t\t<div class=\"elementor-column elementor-col-100 elementor-top-column elementor-element elementor-element-1644b4b\" data-id=\"1644b4b\" data-element_type=\"column\">\n\t\t\t<div class=\"elementor-widget-wrap elementor-element-populated\">\n\t\t\t\t\t\t<div class=\"elementor-element elementor-element-7043f38 elementor-widget elementor-widget-image\" data-id=\"7043f38\" data-element_type=\"widget\" data-widget_type=\"image.default\">\n\t\t\t\t<div class=\"elementor-widget-container\">\n\t\t\t\t\t\t\t\t\t\t\t\t\t\t\t<img fetchpriority=\"high\" decoding=\"async\" class=\"attachment-large size-large wp-image-4753 lazyload\" width=\"768\" height=\"119\" src=\"data:image\/svg+xml;base64,PHN2ZyB2aWV3Qm94PScwIDAgNzY4IDExOScgeG1sbnM9J2h0dHA6Ly93d3cudzMub3JnLzIwMDAvc3ZnJz48L3N2Zz4=\" alt srcset=\"https:\/\/sinasefesm.com\/wp-content\/uploads\/2022\/05\/Juridico-1024x159.png 1024w, https:\/\/sinasefesm.com\/wp-content\/uploads\/2022\/05\/Juridico-300x47.png 300w, https:\/\/sinasefesm.com\/wp-content\/uploads\/2022\/05\/Juridico-768x120.png 768w, https:\/\/sinasefesm.com\/wp-content\/uploads\/2022\/05\/Juridico-1536x239.png 1536w, https:\/\/sinasefesm.com\/wp-content\/uploads\/2022\/05\/Juridico-150x23.png 150w, https:\/\/sinasefesm.com\/wp-content\/uploads\/2022\/05\/Juridico-450x70.png 450w, https:\/\/sinasefesm.com\/wp-content\/uploads\/2022\/05\/Juridico-1200x187.png 1200w, https:\/\/sinasefesm.com\/wp-content\/uploads\/2022\/05\/Juridico.png 1920w\" sizes=\"(max-width: 768px) 100vw, 768px\" data-src=\"https:\/\/sinasefesm.com\/wp-content\/uploads\/2022\/05\/Juridico-1024x159.png\" \/>\t\t\t\t\t\t\t\t\t\t\t\t\t\t\t<\/div>\n\t\t\t\t<\/div>\n\t\t\t\t\t<\/div>\n\t\t<\/div>\n\t\t\t\t\t<\/div>\n\t\t<\/section>\n\t\t\t\t<section class=\"elementor-section elementor-top-section elementor-element elementor-element-9fa8416 elementor-section-boxed elementor-section-height-default elementor-section-height-default\" data-id=\"9fa8416\" data-element_type=\"section\">\n\t\t\t\t\t\t<div class=\"elementor-container elementor-column-gap-default\">\n\t\t\t\t\t<div class=\"elementor-column elementor-col-100 elementor-top-column elementor-element elementor-element-2851a2a\" data-id=\"2851a2a\" data-element_type=\"column\">\n\t\t\t<div class=\"elementor-widget-wrap elementor-element-populated\">\n\t\t\t\t\t\t<div class=\"elementor-element elementor-element-b3487a0 elementor-widget elementor-widget-text-editor\" data-id=\"b3487a0\" data-element_type=\"widget\" data-widget_type=\"text-editor.default\">\n\t\t\t\t<div class=\"elementor-widget-container\">\n\t\t\t\t\t\t\t\t\t<p>Os <strong>plant\u00f5es jur\u00eddicos<\/strong> s\u00e3o oferecidos \u00e0s e aos sindicalizados pelo escrit\u00f3rio Wagner Advogados Associados, ocorrendo em toda segunda sexta-feira de cada m\u00eas, das <strong>14h \u00e0s 16h<\/strong>. Os atendimentos devem ser <strong>agendados previamente por email<\/strong> (secretaria@wagner.adv.br ou telefonia@wagner.adv.br) <strong>ou por telefone<\/strong> (55) 3026-3206.<\/p><p>Tamb\u00e9m \u00e9 poss\u00edvel contatar os advogados Heverton Padilha e Gr\u00e9gory Paim: heverton@wagner.adv.br e gregory@wagner.adv.br.<\/p>\t\t\t\t\t\t\t\t<\/div>\n\t\t\t\t<\/div>\n\t\t\t\t\t<\/div>\n\t\t<\/div>\n\t\t\t\t\t<\/div>\n\t\t<\/section>\n\t\t\t\t<\/div>\n\t\t","protected":false},"excerpt":{"rendered":"<p>Os plant\u00f5es jur\u00eddicos s\u00e3o oferecidos \u00e0s e aos sindicalizados pelo escrit\u00f3rio Wagner Advogados Associados, ocorrendo em toda segunda sexta-feira de cada m\u00eas, das 14h \u00e0s 16h. Os atendimentos devem ser agendados previamente por email (secretaria@wagner.adv.br ou telefonia@wagner.adv.br) ou por telefone (55) 3026-3206. Tamb\u00e9m \u00e9 poss\u00edvel contatar os advogados Heverton Padilha e Gr\u00e9gory Paim: heverton@wagner.adv.br e<\/p>\n","protected":false},"author":1,"featured_media":0,"parent":0,"menu_order":0,"comment_status":"closed","ping_status":"closed","template":"elementor_header_footer","meta":{"footnotes":""},"class_list":["post-4254","page","type-page","status-publish"],"_links":{"self":[{"href":"https:\/\/sinasefesm.com\/index.php\/wp-json\/wp\/v2\/pages\/4254","targetHints":{"allow":["GET"]}}],"collection":[{"href":"https:\/\/sinasefesm.com\/index.php\/wp-json\/wp\/v2\/pages"}],"about":[{"href":"https:\/\/sinasefesm.com\/index.php\/wp-json\/wp\/v2\/types\/page"}],"author":[{"embeddable":true,"href":"https:\/\/sinasefesm.com\/index.php\/wp-json\/wp\/v2\/users\/1"}],"replies":[{"embeddable":true,"href":"https:\/\/sinasefesm.com\/index.php\/wp-json\/wp\/v2\/comments?post=4254"}],"version-history":[{"count":3,"href":"https:\/\/sinasefesm.com\/index.php\/wp-json\/wp\/v2\/pages\/4254\/revisions"}],"predecessor-version":[{"id":7323,"href":"https:\/\/sinasefesm.com\/index.php\/wp-json\/wp\/v2\/pages\/4254\/revisions\/7323"}],"wp:attachment":[{"href":"https:\/\/sinasefesm.com\/index.php\/wp-json\/wp\/v2\/media?parent=4254"}],"curies":[{"name":"wp","href":"https:\/\/api.w.org\/{rel}","templated":true}]}}