{"id":4806,"date":"2022-06-07T13:27:48","date_gmt":"2022-06-07T13:27:48","guid":{"rendered":"https:\/\/sinasefesm.com\/?page_id=4806"},"modified":"2025-12-16T09:43:49","modified_gmt":"2025-12-16T12:43:49","slug":"pre-filiacao","status":"publish","type":"page","link":"https:\/\/sinasefesm.com\/index.php\/pre-filiacao\/","title":{"rendered":"Pr\u00e9 Filia\u00e7\u00e3o"},"content":{"rendered":"\n<p>Ficamos felizes que queira se juntar a n\u00f3s! Preencha os dados abaixo que entraremos em contato com voc\u00ea o mais r\u00e1pido poss\u00edvel para concluir sua filia\u00e7\u00e3o!<\/p>\n\n\n","protected":false},"excerpt":{"rendered":"<p>Ficamos felizes que queira se juntar a n\u00f3s! Preencha os dados abaixo que entraremos em contato com voc\u00ea o mais r\u00e1pido poss\u00edvel para concluir sua filia\u00e7\u00e3o!<\/p>\n","protected":false},"author":1,"featured_media":0,"parent":0,"menu_order":0,"comment_status":"closed","ping_status":"closed","template":"","meta":{"footnotes":""},"class_list":["post-4806","page","type-page","status-publish"],"_links":{"self":[{"href":"https:\/\/sinasefesm.com\/index.php\/wp-json\/wp\/v2\/pages\/4806","targetHints":{"allow":["GET"]}}],"collection":[{"href":"https:\/\/sinasefesm.com\/index.php\/wp-json\/wp\/v2\/pages"}],"about":[{"href":"https:\/\/sinasefesm.com\/index.php\/wp-json\/wp\/v2\/types\/page"}],"author":[{"embeddable":true,"href":"https:\/\/sinasefesm.com\/index.php\/wp-json\/wp\/v2\/users\/1"}],"replies":[{"embeddable":true,"href":"https:\/\/sinasefesm.com\/index.php\/wp-json\/wp\/v2\/comments?post=4806"}],"version-history":[{"count":1,"href":"https:\/\/sinasefesm.com\/index.php\/wp-json\/wp\/v2\/pages\/4806\/revisions"}],"predecessor-version":[{"id":7873,"href":"https:\/\/sinasefesm.com\/index.php\/wp-json\/wp\/v2\/pages\/4806\/revisions\/7873"}],"wp:attachment":[{"href":"https:\/\/sinasefesm.com\/index.php\/wp-json\/wp\/v2\/media?parent=4806"}],"curies":[{"name":"wp","href":"https:\/\/api.w.org\/{rel}","templated":true}]}}